{"id":529,"date":"2023-06-08T18:16:35","date_gmt":"2023-06-08T16:16:35","guid":{"rendered":"https:\/\/www.fabriziogiancola.eu\/?page_id=529"},"modified":"2025-08-28T14:54:34","modified_gmt":"2025-08-28T12:54:34","slug":"ilmioblog","status":"publish","type":"page","link":"https:\/\/www.fabriziogiancola.eu\/","title":{"rendered":"IlMioBlog"},"content":{"rendered":"\n<p>&gt;&gt;&gt; <a href=\"https:\/\/www.fabriziogiancola.eu\/index.php\/import_this\/\" target=\"_blank\" rel=\"noreferrer noopener\">import this<\/a><\/p>\n\n\n\n<p>Benvenuti nel mio blog dedicato agli appassionati della sicurezza informatica, delle indagini digitali e dell&#8217;ethical hacking!<\/p>\n\n\n\n<p>Sei un appassionato del mondo della cybersecurity? Ti piace esplorare le sfide e le soluzioni che riguardano la protezione delle informazioni digitali? Se la tua risposta \u00e8 s\u00ec, sei nel posto giusto.<\/p>\n\n\n\n<p>Questo blog \u00e8 il mio angolo personale in cui condivido la mia passione per la sicurezza informatica. Qui potrai trovare articoli appassionanti, guide dettagliate e approfondimenti sulle ultime tendenze del settore.<\/p>\n\n\n\n<p>Mi piace immergermi nel vasto mondo della sicurezza informatica e voglio condividere questa passione con te. Esploreremo insieme le tecniche di indagine digitale, analizzeremo le nuove minacce informatiche e studieremo l&#8217;hacking etico come strumento per migliorare la sicurezza dei sistemi.<\/p>\n\n\n\n<p>Il mio obiettivo principale \u00e8 quello di fornire contenuti appassionanti e utili agli appassionati come me. Indipendentemente dal tuo livello di esperienza, troverai informazioni approfondite, consigli pratici e risorse che ti aiuteranno ad ampliare le tue conoscenze nel campo della sicurezza informatica.<\/p>\n\n\n\n<p>Unisciti a me in questa avventura appassionante e scopri nuovi orizzonti nel mondo della sicurezza informatica!<\/p>\n\n\n\n<p class=\"has-medium-font-size\"><strong><a href=\"https:\/\/www.fabriziogiancola.eu\/index.php\/ilmioblog\/articoli\/\" data-type=\"link\" data-id=\"https:\/\/www.fabriziogiancola.eu\/index.php\/ilmioblog\/articoli\/\">Dai un&#8217;occhiata ai miei articoli!<\/a><\/strong><\/p>\n","protected":false},"excerpt":{"rendered":"<p>&gt;&gt;&gt; import this Benvenuti nel mio blog dedicato agli appassionati della sicurezza informatica, delle indagini digitali e dell&#8217;ethical hacking! Sei un appassionato del mondo della cybersecurity? Ti piace esplorare le sfide e le soluzioni che riguardano la protezione delle informazioni digitali? Se la tua risposta \u00e8 s\u00ec, sei nel posto giusto. Questo blog \u00e8 il &hellip; <a href=\"https:\/\/www.fabriziogiancola.eu\/\" class=\"more-link\">Leggi tutto<span class=\"screen-reader-text\"> &#8220;IlMioBlog&#8221;<\/span><\/a><\/p>\n","protected":false},"author":1,"featured_media":0,"parent":0,"menu_order":0,"comment_status":"closed","ping_status":"closed","template":"","meta":{"iawp_total_views":474,"footnotes":""},"class_list":["post-529","page","type-page","status-publish","hentry"],"_links":{"self":[{"href":"https:\/\/www.fabriziogiancola.eu\/index.php\/wp-json\/wp\/v2\/pages\/529","targetHints":{"allow":["GET"]}}],"collection":[{"href":"https:\/\/www.fabriziogiancola.eu\/index.php\/wp-json\/wp\/v2\/pages"}],"about":[{"href":"https:\/\/www.fabriziogiancola.eu\/index.php\/wp-json\/wp\/v2\/types\/page"}],"author":[{"embeddable":true,"href":"https:\/\/www.fabriziogiancola.eu\/index.php\/wp-json\/wp\/v2\/users\/1"}],"replies":[{"embeddable":true,"href":"https:\/\/www.fabriziogiancola.eu\/index.php\/wp-json\/wp\/v2\/comments?post=529"}],"version-history":[{"count":8,"href":"https:\/\/www.fabriziogiancola.eu\/index.php\/wp-json\/wp\/v2\/pages\/529\/revisions"}],"predecessor-version":[{"id":2414,"href":"https:\/\/www.fabriziogiancola.eu\/index.php\/wp-json\/wp\/v2\/pages\/529\/revisions\/2414"}],"wp:attachment":[{"href":"https:\/\/www.fabriziogiancola.eu\/index.php\/wp-json\/wp\/v2\/media?parent=529"}],"curies":[{"name":"wp","href":"https:\/\/api.w.org\/{rel}","templated":true}]}}